{"id":4311,"date":"2023-03-22T07:00:00","date_gmt":"2023-03-22T04:00:00","guid":{"rendered":"https:\/\/belarus.fm\/?page_id=4311"},"modified":"2026-03-28T16:00:26","modified_gmt":"2026-03-28T13:00:26","slug":"our-mission","status":"publish","type":"page","link":"https:\/\/belarus.fm\/pl\/our-mission\/","title":{"rendered":"Nasza Misja"},"content":{"rendered":"\n<h5 class=\"wp-block-heading\">Belarus FM to platforma medialna organizacji non-profit Belarus Freedom Media, V\u0161\u012e, zarejestrowanej na Litwie. Zapewniamy wsparcie wszystkim niezale\u017cnym mediom, kt\u00f3re zosta\u0142y zmuszone do ucieczki z Bia\u0142orusi z powodu zagro\u017cenia dla ich \u017cycia i wolno\u015bci. Nasz\u0105 misj\u0105 jest pomaganie tym mediom w dalszym tworzeniu wysokiej jako\u015bci tre\u015bci i utrzymywaniu kontaktu z odbiorcami.<\/h5>\n\n\n\n<p>Rewolucja 2020 roku na Bia\u0142orusi doprowadzi\u0142a do rozprawienia si\u0119 w\u0142adz z niezale\u017cnymi mediami. Wielu dziennikarzy i pracownik\u00f3w medi\u00f3w by\u0142o aresztowanych, zastraszanych i n\u0119kanych, a niekt\u00f3rzy byli zmuszeni do ucieczki z kraju, aby unikn\u0105\u0107 prze\u015bladowa\u0144. W rezultacie wiele plac\u00f3wek medialnych zosta\u0142o zmuszonych do zamkni\u0119cia, a inne musia\u0142y dzia\u0142a\u0107 na emigracji lub w podziemiu.<\/p>\n\n\n\n<p>Dla tych medi\u00f3w, kt\u00f3re wybra\u0142y wyjazd z Bia\u0142orusi, poszukiwanie mo\u017cliwo\u015bci migracji i azylu by\u0142o trudnym i wymagaj\u0105cym procesem. Ci dziennikarze i pracownicy medi\u00f3w musieli nawigowa\u0107 przez skomplikowane systemy prawne i biurokracj\u0119, aby uzyska\u0107 status uchod\u017acy lub pozwolenia na prac\u0119 w nowych krajach. To utrudni\u0142o im kontynuowanie pracy jako dziennikarze lub pracownicy medi\u00f3w, a tak\u017ce utrudni\u0142o im utrzymanie siebie i swoich rodzin.<\/p>\n\n\n\n<p>Jednocze\u015bnie brak niezale\u017cnych medi\u00f3w na Bia\u0142orusi sprawi\u0142, \u017ce obywatele nie maj\u0105 dost\u0119pu do krytycznych wiadomo\u015bci i analiz aktualnych wydarze\u0144. Kontrolowane przez w\u0142adze pa\u0144stwowe media nadal dominuj\u0105 w krajobrazie medialnym, a ich reporta\u017ce s\u0105 cz\u0119sto stronnicze lub niekompletne. W rezultacie wielu Bia\u0142orusin\u00f3w nie ma dost\u0119pu do informacji, kt\u00f3re s\u0105 im potrzebne do podejmowania \u015bwiadomych decyzji dotycz\u0105cych ich \u017cycia i kraju.<\/p>\n\n\n\n<p>Przyznajemy, \u017ce niezale\u017cne media s\u0105 bardzo wa\u017cne w demokratycznym spo\u0142ecze\u0144stwie. Wierzymy, \u017ce wspieranie tych medi\u00f3w jest kluczowe dla ochrony prawa do wolno\u015bci s\u0142owa na Bia\u0142orusi.<\/p>\n\n\n\n<blockquote class=\"wp-block-quote is-layout-flow wp-block-quote-is-layout-flow\">\n<p>Nasz\u0105 misj\u0105 jest zapewnienie technicznego i innego rodzaju wsparcia dla tych medi\u00f3w, aby mog\u0142y one nadal dzia\u0142a\u0107 niezale\u017cnie i dostarcza\u0107 krytycznych wiadomo\u015bci i analiz mieszka\u0144com Bia\u0142orusi, niezale\u017cnie od ich lokalizacji.<\/p>\n<\/blockquote>\n\n\n\n<p>Mamy na celu wype\u0142nienie tej luki poprzez zapewnienie technicznego i innego rodzaju wsparcia dla bia\u0142oruskich medi\u00f3w, w tym pomoc w hostingu podcast\u00f3w, wydawaniu audiobook\u00f3w i dystrybucji tre\u015bci. Mamy nadziej\u0119, \u017ce dzi\u0119ki tym \u015brodkom pomo\u017cemy tym mediom dzia\u0142a\u0107 niezale\u017cnie i dostarcza\u0107 mieszka\u0144com Bia\u0142orusi krytycznych analiz i wiadomo\u015bci.<\/p>\n\n\n\n<p>Naszym ostatecznym celem jest pomoc w zachowaniu i ochronie podstawowego prawa do wolno\u015bci s\u0142owa na Bia\u0142orusi i wierzymy, \u017ce wspieranie niezale\u017cnych medi\u00f3w jest kluczowym krokiem do osi\u0105gni\u0119cia tego celu. Dzi\u0119kujemy za zainteresowanie nasz\u0105 organizacj\u0105 i zapraszamy do wsparcia w tej wa\u017cnej pracy.<\/p>\n","protected":false},"excerpt":{"rendered":"<p>Belarus FM to platforma medialna organizacji non-profit Belarus Freedom Media, V\u0161\u012e, zarejestrowanej na Litwie. Zapewniamy wsparcie wszystkim niezale\u017cnym mediom, kt\u00f3re zosta\u0142y zmuszone do ucieczki z Bia\u0142orusi z powodu zagro\u017cenia dla ich \u017cycia i wolno\u015bci. Nasz\u0105 misj\u0105 jest pomaganie tym mediom w dalszym tworzeniu wysokiej jako\u015bci tre\u015bci i utrzymywaniu kontaktu z odbiorcami. Rewolucja 2020 roku na [&hellip;]<\/p>\n","protected":false},"author":4,"featured_media":7118,"parent":0,"menu_order":0,"comment_status":"closed","ping_status":"closed","template":"","meta":{"footnotes":""},"class_list":["post-4311","page","type-page","status-publish","has-post-thumbnail","hentry"],"_links":{"self":[{"href":"https:\/\/belarus.fm\/pl\/wp-json\/wp\/v2\/pages\/4311","targetHints":{"allow":["GET"]}}],"collection":[{"href":"https:\/\/belarus.fm\/pl\/wp-json\/wp\/v2\/pages"}],"about":[{"href":"https:\/\/belarus.fm\/pl\/wp-json\/wp\/v2\/types\/page"}],"author":[{"embeddable":true,"href":"https:\/\/belarus.fm\/pl\/wp-json\/wp\/v2\/users\/4"}],"replies":[{"embeddable":true,"href":"https:\/\/belarus.fm\/pl\/wp-json\/wp\/v2\/comments?post=4311"}],"version-history":[{"count":0,"href":"https:\/\/belarus.fm\/pl\/wp-json\/wp\/v2\/pages\/4311\/revisions"}],"wp:featuredmedia":[{"embeddable":true,"href":"https:\/\/belarus.fm\/pl\/wp-json\/wp\/v2\/media\/7118"}],"wp:attachment":[{"href":"https:\/\/belarus.fm\/pl\/wp-json\/wp\/v2\/media?parent=4311"}],"curies":[{"name":"wp","href":"https:\/\/api.w.org\/{rel}","templated":true}]}}