{"id":1803,"date":"2023-03-30T11:20:00","date_gmt":"2023-03-30T08:20:00","guid":{"rendered":"https:\/\/belarus.fm\/?page_id=1803"},"modified":"2023-03-31T04:39:01","modified_gmt":"2023-03-31T01:39:01","slug":"legal-notice","status":"publish","type":"page","link":"https:\/\/belarus.fm\/pl\/legal-notice\/","title":{"rendered":"Nota prawna"},"content":{"rendered":"\n<p><strong>W\u0142a\u015bciciel strony:<\/strong><br><strong>Belarus Freedom Media, V\u0161\u012e<\/strong><br>Forma prawna: Organizacja non-profit (Vie\u0161oji \u012fstaiga)<br>Kod osoby prawnej: 306279517<br>Rejestracja: Rejestr Os\u00f3b Prawnych Litwy (Juridini\u0173 asmen\u0173 registras)<br>Organ rejestrowy: V\u012e \u201eRegistr\u0173 centras\u201d<\/p>\n\n\n\n<p><strong>Adres prawny:<\/strong><br>\u0160vitrigailos g. 7-413<br>LT-03110 Vilnius<br>Lietuva<\/p>\n\n\n\n<p><strong>Dyrektor:<\/strong><br>Aliaksandr Paharelski<\/p>\n\n\n\n<p><strong>Informacje kontaktowe:<\/strong><br>E-mail: <a href=\"mailto:help@belarus.fm\">help@belarus.fm<\/a><br>Strona internetowa: <a href=\"https:\/\/belarus.fm\">https:\/\/belarus.fm<\/a><br>Telefon: <a href=\"tel:+37052075777\">+370 5 2075777<\/a><\/p>\n\n\n\n<p><strong>Organy nadzorcze:<\/strong><br>\u2013 Pa\u0144stwowa Inspekcja Podatkowa Litwy (VMI)<br>\u2013 Pa\u0144stwowa Inspekcja Ochrony Danych Litwy (VDAI)<\/p>\n\n\n\n<p><strong>Wy\u0142\u0105czenie odpowiedzialno\u015bci<\/strong><br>Belarus Freedom Media V\u0161\u012e dok\u0142ada wszelkich stara\u0144, aby informacje przedstawione na tej stronie by\u0142y dok\u0142adne i aktualne. Jednak\u017ce strona, linki zewn\u0119trzne i wszystkie materia\u0142y udost\u0119pniane s\u0105 na zasadzie \u201etak jak jest\u201d (ang. \u201eas is\u201d). Nie ponosimy \u017cadnej odpowiedzialno\u015bci ani nie udzielamy gwarancji co do absolutnej kompletno\u015bci, poprawno\u015bci i przydatno\u015bci publikowanych tre\u015bci.<\/p>\n\n\n\n<p>Opinie wyra\u017cone przez autor\u00f3w materia\u0142\u00f3w lub u\u017cytkownik\u00f3w w komentarzach s\u0105 wy\u0142\u0105cznie ich w\u0142asnymi opiniami i niekoniecznie odzwierciedlaj\u0105 oficjalne stanowisko organizacji. Ponadto Belarus Freedom Media V\u0161\u012e nie ponosi odpowiedzialno\u015bci za tre\u015b\u0107 link\u00f3w zewn\u0119trznych. Operatorzy powi\u0105zanych stron zewn\u0119trznych ponosz\u0105 wy\u0142\u0105czn\u0105 odpowiedzialno\u015b\u0107 za ich odpowiednie tre\u015bci.<\/p>\n\n\n\n<p><em>Szczeg\u00f3\u0142owe zasady korzystania ze strony oraz pe\u0142ny tekst wy\u0142\u0105czenia odpowiedzialno\u015bci mo\u017cna znale\u017a\u0107 w naszych <strong>Warunkach korzystania<\/strong>.<\/em><\/p>\n","protected":false},"excerpt":{"rendered":"<p>W\u0142a\u015bciciel strony:Belarus Freedom Media, V\u0161\u012eForma prawna: Organizacja non-profit (Vie\u0161oji \u012fstaiga)Kod osoby prawnej: 306279517Rejestracja: Rejestr Os\u00f3b Prawnych Litwy (Juridini\u0173 asmen\u0173 registras)Organ rejestrowy: V\u012e \u201eRegistr\u0173 centras\u201d Adres prawny:\u0160vitrigailos g. 7-413LT-03110 VilniusLietuva Dyrektor:Aliaksandr Paharelski Informacje kontaktowe:E-mail: help@belarus.fmStrona internetowa: https:\/\/belarus.fmTelefon: +370 5 2075777 Organy nadzorcze:\u2013 Pa\u0144stwowa Inspekcja Podatkowa Litwy (VMI)\u2013 Pa\u0144stwowa Inspekcja Ochrony Danych Litwy (VDAI) Wy\u0142\u0105czenie odpowiedzialno\u015bciBelarus Freedom [&hellip;]<\/p>\n","protected":false},"author":4,"featured_media":7449,"parent":0,"menu_order":0,"comment_status":"closed","ping_status":"closed","template":"","meta":{"footnotes":""},"class_list":["post-1803","page","type-page","status-publish","has-post-thumbnail","hentry"],"_links":{"self":[{"href":"https:\/\/belarus.fm\/pl\/wp-json\/wp\/v2\/pages\/1803","targetHints":{"allow":["GET"]}}],"collection":[{"href":"https:\/\/belarus.fm\/pl\/wp-json\/wp\/v2\/pages"}],"about":[{"href":"https:\/\/belarus.fm\/pl\/wp-json\/wp\/v2\/types\/page"}],"author":[{"embeddable":true,"href":"https:\/\/belarus.fm\/pl\/wp-json\/wp\/v2\/users\/4"}],"replies":[{"embeddable":true,"href":"https:\/\/belarus.fm\/pl\/wp-json\/wp\/v2\/comments?post=1803"}],"version-history":[{"count":0,"href":"https:\/\/belarus.fm\/pl\/wp-json\/wp\/v2\/pages\/1803\/revisions"}],"wp:featuredmedia":[{"embeddable":true,"href":"https:\/\/belarus.fm\/pl\/wp-json\/wp\/v2\/media\/7449"}],"wp:attachment":[{"href":"https:\/\/belarus.fm\/pl\/wp-json\/wp\/v2\/media?parent=1803"}],"curies":[{"name":"wp","href":"https:\/\/api.w.org\/{rel}","templated":true}]}}