{"id":4297,"date":"2023-03-22T07:00:00","date_gmt":"2023-03-22T04:00:00","guid":{"rendered":"https:\/\/belarus.fm\/?page_id=4297"},"modified":"2026-03-28T15:39:20","modified_gmt":"2026-03-28T12:39:20","slug":"our-mission","status":"publish","type":"page","link":"https:\/\/belarus.fm\/lt\/our-mission\/","title":{"rendered":"M\u016bs\u0173 Misija"},"content":{"rendered":"\n<h5 class=\"wp-block-heading\">Belarus FM yra Lietuvoje registruotos ne pelno organizacijos \u201eBelarus Freedom Media, V\u0161\u012e\u201c medij\u0173 platforma. Teikiame param\u0105 nepriklausomoms \u017einiasklaidos priemon\u0117ms, kurios buvo priverstos i\u0161vykti i\u0161 Baltarusijos d\u0117l gr\u0117sm\u0117s j\u0173 saugumui, gyvybei ir laisvei. M\u016bs\u0173 misija \u2013 pad\u0117ti \u0161ioms \u017einiasklaidos priemon\u0117ms toliau kurti auk\u0161tos kokyb\u0117s turin\u012f ir i\u0161laikyti ry\u0161\u012f su savo auditorijomis.<\/h5>\n\n\n\n<p>Po 2020 m. revoliucijos Baltarusijoje vyriausyb\u0117 \u0117m\u0117si represij\u0173 prie\u0161 nepriklausomos \u017einiasklaidos priemones. Daug \u017eurnalist\u0173 ir \u017einiasklaidos darbuotoj\u0173 buvo suimti, jiems buvo grasinama ir persekiojami, o kai kurie buvo priversti b\u0117gti i\u0161 \u0161alies, kad i\u0161vengt\u0173 persekiojimo. D\u0117l to nema\u017eai \u017einiasklaidos priemoni\u0173 buvo priverstos u\u017esidaryti, o kitos priverstos veikti tremtyje arba pogrindyje.<\/p>\n\n\n\n<p>Toms \u017einiasklaidos priemon\u0117ms, kurios nusprend\u0117 i\u0161vykti i\u0161 Baltarusijos, rasti sprendimus d\u0117l migracijos ir prieglobs\u010dio buvo sunkus ir sud\u0117tingas procesas. \u0160ie \u017eurnalistai ir \u017einiasklaidos darbuotojai tur\u0117jo \u012fveikti sud\u0117tingas teisines sistemas ir biurokratij\u0105, kad gaut\u0173 pab\u0117g\u0117lio status\u0105 arba leidim\u0105 dirbti naujose \u0161alyse. D\u0117l to jiems buvo sunku t\u0119sti \u017eurnalisto ar \u017einiasklaidos specialisto darb\u0105, taip pat buvo sunku i\u0161laikyti save ir savo \u0161eimas.<\/p>\n\n\n\n<p>D\u0117l nepriklausomos \u017einiasklaidos priemoni\u0173 tr\u016bkumo Baltarusijoje pilie\u010diai neturi galimyb\u0117s susipa\u017einti su kriti\u0161komis aktualij\u0173 ir \u012fvyki\u0173 analiz\u0117s naujienomis. Valstyb\u0117s kontroliuojamos \u017einiasklaidos priemon\u0117s ir toliau dominuoja \u017einiasklaidos erdv\u0117je, o j\u0173 prane\u0161imai da\u017enai b\u016bna \u0161ali\u0161ki arba nei\u0161sam\u016bs. D\u0117l to daugelis baltarusi\u0173 negali gauti informacijos, kurios jiems reikia, kad gal\u0117t\u0173 priimti pagr\u012fstus sprendimus apie savo gyvenim\u0105 ir \u0161al\u012f.<\/p>\n\n\n\n<p>Mes pripa\u017e\u012fstame nepriklausomos \u017einiasklaidos svarb\u0105 demokratin\u0117je visuomen\u0117je ir tikime, kad jos r\u0117mimas yra labai svarbus siekiant apsaugoti teis\u0119 \u012f savirai\u0161kos laisv\u0119 Baltarusijoje.<\/p>\n\n\n\n<blockquote class=\"wp-block-quote is-layout-flow wp-block-quote-is-layout-flow\">\n<p>M\u016bs\u0173 misija &#8211; teikti technin\u0119 ir kitoki\u0105 param\u0105 \u0161ioms \u017einiasklaidos priemon\u0117ms, kad jos ir toliau gal\u0117t\u0173 veikti nepriklausomai ir Baltarusijos gyventojams, nepriklausomai nuo j\u0173 buvimo vietos, teikti kritines naujienas ir analiz\u0119.<\/p>\n<\/blockquote>\n\n\n\n<p>Mes siekiame u\u017epildyti \u0161i\u0105 sprag\u0105 teikdami technin\u0119 ir kitoki\u0105 param\u0105 Baltarusijos \u017einiasklaidos priemon\u0117ms, \u012fskaitant pagalb\u0105 podkast\u0173 talpinimo, garsini\u0173 knyg\u0173 leidybos ir turinio platinimo srityse. Tikim\u0117s, kad \u0161ie i\u0161tekliai pad\u0117s \u0161ioms \u017einiasklaidos priemon\u0117ms toliau veikti nepriklausomai ir teikti Baltarusijos \u017emon\u0117ms kritin\u0119 analiz\u0119 bei naujienas.<\/p>\n\n\n\n<p>M\u016bs\u0173 pagrindinis tikslas &#8211; pad\u0117ti i\u0161saugoti ir apsaugoti pagrindin\u0119 teis\u0119 \u012f savirai\u0161kos laisv\u0119 Baltarusijoje, tod\u0117l manome, kad parama nepriklausomai \u017einiasklaidai yra labai svarbus \u017eingsnis siekiant \u0161io tikslo. D\u0117kojame, kad susidom\u0117jote m\u016bs\u0173 organizacija, ir d\u017eiaugiam\u0117s j\u016bs\u0173 parama \u0161iam svarbiam darbui.<\/p>\n","protected":false},"excerpt":{"rendered":"<p>Belarus FM yra Lietuvoje registruotos ne pelno organizacijos \u201eBelarus Freedom Media, V\u0161\u012e\u201c medij\u0173 platforma. Teikiame param\u0105 nepriklausomoms \u017einiasklaidos priemon\u0117ms, kurios buvo priverstos i\u0161vykti i\u0161 Baltarusijos d\u0117l gr\u0117sm\u0117s j\u0173 saugumui, gyvybei ir laisvei. M\u016bs\u0173 misija \u2013 pad\u0117ti \u0161ioms \u017einiasklaidos priemon\u0117ms toliau kurti auk\u0161tos kokyb\u0117s turin\u012f ir i\u0161laikyti ry\u0161\u012f su savo auditorijomis. Po 2020 m. revoliucijos Baltarusijoje [&hellip;]<\/p>\n","protected":false},"author":4,"featured_media":7117,"parent":0,"menu_order":0,"comment_status":"closed","ping_status":"closed","template":"","meta":{"footnotes":""},"class_list":["post-4297","page","type-page","status-publish","has-post-thumbnail","hentry"],"_links":{"self":[{"href":"https:\/\/belarus.fm\/lt\/wp-json\/wp\/v2\/pages\/4297","targetHints":{"allow":["GET"]}}],"collection":[{"href":"https:\/\/belarus.fm\/lt\/wp-json\/wp\/v2\/pages"}],"about":[{"href":"https:\/\/belarus.fm\/lt\/wp-json\/wp\/v2\/types\/page"}],"author":[{"embeddable":true,"href":"https:\/\/belarus.fm\/lt\/wp-json\/wp\/v2\/users\/4"}],"replies":[{"embeddable":true,"href":"https:\/\/belarus.fm\/lt\/wp-json\/wp\/v2\/comments?post=4297"}],"version-history":[{"count":0,"href":"https:\/\/belarus.fm\/lt\/wp-json\/wp\/v2\/pages\/4297\/revisions"}],"wp:featuredmedia":[{"embeddable":true,"href":"https:\/\/belarus.fm\/lt\/wp-json\/wp\/v2\/media\/7117"}],"wp:attachment":[{"href":"https:\/\/belarus.fm\/lt\/wp-json\/wp\/v2\/media?parent=4297"}],"curies":[{"name":"wp","href":"https:\/\/api.w.org\/{rel}","templated":true}]}}