{"id":1073,"date":"2023-03-30T11:20:00","date_gmt":"2023-03-30T08:20:00","guid":{"rendered":"https:\/\/belarus.fm\/?page_id=1073"},"modified":"2023-03-31T04:37:37","modified_gmt":"2023-03-31T01:37:37","slug":"legal-notice","status":"publish","type":"page","link":"https:\/\/belarus.fm\/lt\/legal-notice\/","title":{"rendered":"Teisin\u0117 informacija"},"content":{"rendered":"\n<p><strong>Svetain\u0117s savininkas:<\/strong><br><strong>Belarus Freedom Media, V\u0161\u012e<\/strong><br>Teisin\u0117 forma: Vie\u0161oji \u012fstaiga (ne pelno organizacija)<br>Juridinio asmens kodas: 306279517<br>Registracija: Lietuvos Respublikos juridini\u0173 asmen\u0173 registre<br>Registro tvarkytojas: V\u012e \u201eRegistr\u0173 centras\u201c<\/p>\n\n\n\n<p><strong>Buvein\u0117s adresas:<\/strong><br>\u0160vitrigailos g. 7-413<br>LT-03110 Vilnius<br>Lietuva<\/p>\n\n\n\n<p><strong>Steig\u0117jas ir direktorius:<\/strong><br>Aliaksandr Paharelski<\/p>\n\n\n\n<p><strong>Kontaktai:<\/strong><br>El. pa\u0161tas: <a href=\"mailto:help@belarus.fm\">help@belarus.fm<\/a><br>Svetain\u0117: <a href=\"https:\/\/belarus.fm\">https:\/\/belarus.fm<\/a><br>Telefonas: <a href=\"tel:+37052075777\">+370 5 2075777<\/a><\/p>\n\n\n\n<p><strong>Prie\u017ei\u016bros institucijos:<\/strong><br>\u2013 Valstybin\u0117 mokes\u010di\u0173 inspekcija prie LR FM (VMI)<br>\u2013 Valstybin\u0117 duomen\u0173 apsaugos inspekcija (VDAI)<\/p>\n\n\n\n<p><strong>Atsakomyb\u0117s ribojimas<\/strong><br>Belarus Freedom Media V\u0161\u012e siekia u\u017etikrinti, kad \u0161ioje svetain\u0117je pateikiama informacija b\u016bt\u0173 tiksli ir aktuali. Ta\u010diau svetain\u0117, i\u0161orin\u0117s nuorodos ir visa joje skelbiama med\u017eiaga pateikiamos principu \u201etokia, kokia yra\u201c (angl. \u201eas is\u201c). Mes neprisiimame atsakomyb\u0117s ir neteikiame joki\u0173 garantij\u0173 d\u0117l paskelbto turinio i\u0161samumo, tikslumo ar tinkamumo konkre\u010diam tikslui.<\/p>\n\n\n\n<p>Straipsni\u0173 autori\u0173 ar vartotoj\u0173 komentaruose i\u0161sakytos nuomon\u0117s yra tik j\u0173 pa\u010di\u0173 ir neb\u016btinai atspindi oficiali\u0105 organizacijos pozicij\u0105. Belarus Freedom Media V\u0161\u012e taip pat neprisiima atsakomyb\u0117s u\u017e i\u0161orini\u0173 nuorod\u0173 turin\u012f. U\u017e susiet\u0173 i\u0161orini\u0173 svetaini\u0173 turin\u012f atsako tik t\u0173 svetaini\u0173 valdytojai.<\/p>\n\n\n\n<p><em>I\u0161samias svetain\u0117s naudojimo taisykles ir vis\u0105 atsakomyb\u0117s ribojimo tekst\u0105 rasite m\u016bs\u0173 <strong>Naudojimosi s\u0105lygose<\/strong>.<\/em><\/p>\n","protected":false},"excerpt":{"rendered":"<p>Svetain\u0117s savininkas:Belarus Freedom Media, V\u0161\u012eTeisin\u0117 forma: Vie\u0161oji \u012fstaiga (ne pelno organizacija)Juridinio asmens kodas: 306279517Registracija: Lietuvos Respublikos juridini\u0173 asmen\u0173 registreRegistro tvarkytojas: V\u012e \u201eRegistr\u0173 centras\u201c Buvein\u0117s adresas:\u0160vitrigailos g. 7-413LT-03110 VilniusLietuva Steig\u0117jas ir direktorius:Aliaksandr Paharelski Kontaktai:El. pa\u0161tas: help@belarus.fmSvetain\u0117: https:\/\/belarus.fmTelefonas: +370 5 2075777 Prie\u017ei\u016bros institucijos:\u2013 Valstybin\u0117 mokes\u010di\u0173 inspekcija prie LR FM (VMI)\u2013 Valstybin\u0117 duomen\u0173 apsaugos inspekcija (VDAI) Atsakomyb\u0117s ribojimasBelarus [&hellip;]<\/p>\n","protected":false},"author":4,"featured_media":7448,"parent":0,"menu_order":0,"comment_status":"closed","ping_status":"closed","template":"","meta":{"footnotes":""},"class_list":["post-1073","page","type-page","status-publish","has-post-thumbnail","hentry"],"_links":{"self":[{"href":"https:\/\/belarus.fm\/lt\/wp-json\/wp\/v2\/pages\/1073","targetHints":{"allow":["GET"]}}],"collection":[{"href":"https:\/\/belarus.fm\/lt\/wp-json\/wp\/v2\/pages"}],"about":[{"href":"https:\/\/belarus.fm\/lt\/wp-json\/wp\/v2\/types\/page"}],"author":[{"embeddable":true,"href":"https:\/\/belarus.fm\/lt\/wp-json\/wp\/v2\/users\/4"}],"replies":[{"embeddable":true,"href":"https:\/\/belarus.fm\/lt\/wp-json\/wp\/v2\/comments?post=1073"}],"version-history":[{"count":0,"href":"https:\/\/belarus.fm\/lt\/wp-json\/wp\/v2\/pages\/1073\/revisions"}],"wp:featuredmedia":[{"embeddable":true,"href":"https:\/\/belarus.fm\/lt\/wp-json\/wp\/v2\/media\/7448"}],"wp:attachment":[{"href":"https:\/\/belarus.fm\/lt\/wp-json\/wp\/v2\/media?parent=1073"}],"curies":[{"name":"wp","href":"https:\/\/api.w.org\/{rel}","templated":true}]}}