{"id":1072,"date":"2023-03-30T11:20:00","date_gmt":"2023-03-30T08:20:00","guid":{"rendered":"https:\/\/belarus.fm\/?page_id=1072"},"modified":"2023-03-31T04:37:01","modified_gmt":"2023-03-31T01:37:01","slug":"legal-notice","status":"publish","type":"page","link":"https:\/\/belarus.fm\/en\/legal-notice\/","title":{"rendered":"Legal Notice"},"content":{"rendered":"\n<p><strong>Website Owner:<\/strong><br><strong>Belarus Freedom Media, V\u0161\u012e<\/strong><br>Legal Form: Non-profit Public Institution (Vie\u0161oji \u012fstaiga)<br>Company Code: 306279517<br>Registration: Register of Legal Entities of Lithuania (Juridini\u0173 asmen\u0173 registras)<br>Registry Authority: V\u012e \u201cRegistr\u0173 centras\u201d<\/p>\n\n\n\n<p><strong>Legal Address:<\/strong><br>\u0160vitrigailos g. 7-413<br>LT-03110 Vilnius<br>Lietuva<\/p>\n\n\n\n<p><strong>Founder &amp; Managing Director:<\/strong><br>Aliaksandr Paharelski<\/p>\n\n\n\n<p><strong>Contact Information:<\/strong><br>Email: <a href=\"mailto:help@belarus.fm\">help@belarus.fm<\/a><br>Website: <a href=\"https:\/\/belarus.fm\">https:\/\/belarus.fm<\/a><br>Phone: <a href=\"tel:+37052075777\">+370 5 2075777<\/a><\/p>\n\n\n\n<p><strong>Supervisory Authorities:<\/strong><br>\u2013 State Tax Inspectorate of Lithuania (VMI)<br>\u2013 State Data Protection Inspectorate of Lithuania (VDAI)<\/p>\n\n\n\n<p><strong>Disclaimer<\/strong><br>Belarus Freedom Media V\u0161\u012e strives to ensure the accuracy and timeliness of the information provided on this website. However, the website, external links, and all materials are provided on an \u201cas is\u201d basis. We do not assume any liability or provide guarantees regarding the absolute completeness, correctness, and suitability of the published content.<\/p>\n\n\n\n<p>The opinions expressed by authors of the materials or by users in the comments are entirely their own and do not necessarily reflect the official position of the organization. Furthermore, Belarus Freedom Media V\u0161\u012e assumes no liability for the content of external links. The operators of the linked external websites are solely responsible for their respective content.<\/p>\n\n\n\n<p><em>For detailed rules of site usage and the full text of the disclaimer, please refer to our <strong>Terms of Use<\/strong>.<\/em><\/p>\n","protected":false},"excerpt":{"rendered":"<p>Website Owner:Belarus Freedom Media, V\u0161\u012eLegal Form: Non-profit Public Institution (Vie\u0161oji \u012fstaiga)Company Code: 306279517Registration: Register of Legal Entities of Lithuania (Juridini\u0173 asmen\u0173 registras)Registry Authority: V\u012e \u201cRegistr\u0173 centras\u201d Legal Address:\u0160vitrigailos g. 7-413LT-03110 VilniusLietuva Founder &amp; Managing Director:Aliaksandr Paharelski Contact Information:Email: help@belarus.fmWebsite: https:\/\/belarus.fmPhone: +370 5 2075777 Supervisory Authorities:\u2013 State Tax Inspectorate of Lithuania (VMI)\u2013 State Data Protection Inspectorate [&hellip;]<\/p>\n","protected":false},"author":4,"featured_media":7447,"parent":0,"menu_order":0,"comment_status":"closed","ping_status":"closed","template":"","meta":{"footnotes":""},"class_list":["post-1072","page","type-page","status-publish","has-post-thumbnail","hentry"],"_links":{"self":[{"href":"https:\/\/belarus.fm\/en\/wp-json\/wp\/v2\/pages\/1072","targetHints":{"allow":["GET"]}}],"collection":[{"href":"https:\/\/belarus.fm\/en\/wp-json\/wp\/v2\/pages"}],"about":[{"href":"https:\/\/belarus.fm\/en\/wp-json\/wp\/v2\/types\/page"}],"author":[{"embeddable":true,"href":"https:\/\/belarus.fm\/en\/wp-json\/wp\/v2\/users\/4"}],"replies":[{"embeddable":true,"href":"https:\/\/belarus.fm\/en\/wp-json\/wp\/v2\/comments?post=1072"}],"version-history":[{"count":0,"href":"https:\/\/belarus.fm\/en\/wp-json\/wp\/v2\/pages\/1072\/revisions"}],"wp:featuredmedia":[{"embeddable":true,"href":"https:\/\/belarus.fm\/en\/wp-json\/wp\/v2\/media\/7447"}],"wp:attachment":[{"href":"https:\/\/belarus.fm\/en\/wp-json\/wp\/v2\/media?parent=1072"}],"curies":[{"name":"wp","href":"https:\/\/api.w.org\/{rel}","templated":true}]}}